{"id":13890,"date":"2025-11-06T15:37:51","date_gmt":"2025-11-06T14:37:51","guid":{"rendered":"https:\/\/www.sportskicentarbor.com\/?page_id=13890"},"modified":"2026-03-30T13:50:02","modified_gmt":"2026-03-30T11:50:02","slug":"%d0%b2%d0%b8%d0%b4%d0%b5%d0%be","status":"publish","type":"page","link":"https:\/\/www.sportskicentarbor.com\/?page_id=13890","title":{"rendered":"\u0412\u0438\u0434\u0435\u043e"},"content":{"rendered":"\n<p>\u0412\u0438\u0434\u0435\u043e \u0437\u0430\u043f\u0438\u0441\u0438 <a href=\"https:\/\/www.sportskicentarbor.com\/\">\u0423\u0441\u0442\u0430\u043d\u043e\u0432\u0435 \u0421\u043f\u043e\u0440\u0442\u0441\u043a\u0438 \u0446\u0435\u043d\u0442\u0430\u0440 &#8220;\u0411\u043e\u0431\u0430\u043d\u0430 \u041c\u043e\u043c\u0447\u0438\u043b\u043e\u0432\u0438\u045b \u0412\u0435\u043b\u0438\u0447\u043a\u043e\u0432\u0438\u045b&#8221; \u0411\u043e\u0440<\/a>. \u041f\u0440\u043e\u043c\u043e\u0442\u0438\u0432\u043d\u0438 \u0432\u0438\u0434\u0435\u043e \u0441\u0430\u0434\u0440\u0436\u0430\u0458\u0438 \u043a\u0430\u043e \u0438 \u0438\u0437\u0432\u0435\u0448\u0442\u0430\u0458\u0438 \u043a\u0440\u043e\u0437 \u0432\u0438\u0434\u0435\u043e \u0437\u0430\u043f\u0438\u0441.<\/p>\n\n\n\n<figure class=\"wp-block-embed is-type-video is-provider-youtube wp-block-embed-youtube wp-embed-aspect-16-9 wp-has-aspect-ratio\"><div class=\"wp-block-embed__wrapper\">\n<iframe loading=\"lazy\" title=\"U ve\u010dnom se\u0107anju Bobana Mom\u010dilovi\u0107 Veli\u010dkovi\u0107\" width=\"525\" height=\"295\" src=\"https:\/\/www.youtube.com\/embed\/OK6_1k9oU7k?feature=oembed\" frameborder=\"0\" allow=\"accelerometer; autoplay; clipboard-write; encrypted-media; gyroscope; picture-in-picture; web-share\" referrerpolicy=\"strict-origin-when-cross-origin\" allowfullscreen><\/iframe>\n<\/div><figcaption class=\"wp-element-caption\"><strong>\u0412\u0435\u0447\u043d\u043e \u0441\u0435\u045b\u0430\u045a\u0435 \u043d\u0430 \u0411\u043e\u0431\u0430\u043d\u0443<\/strong><\/figcaption><\/figure>\n\n\n\n<figure class=\"wp-block-embed is-type-video is-provider-youtube wp-block-embed-youtube wp-embed-aspect-16-9 wp-has-aspect-ratio\"><div class=\"wp-block-embed__wrapper\">\n<iframe loading=\"lazy\" title=\"Sportski centar u Boru nosi\u0107e ime Bobane Mom\u010dilovi\u0107 Veli\u010dkovi\u0107\" width=\"525\" height=\"295\" src=\"https:\/\/www.youtube.com\/embed\/QzhITjvKn5w?feature=oembed\" frameborder=\"0\" allow=\"accelerometer; autoplay; clipboard-write; encrypted-media; gyroscope; picture-in-picture; web-share\" referrerpolicy=\"strict-origin-when-cross-origin\" allowfullscreen><\/iframe>\n<\/div><\/figure>\n\n\n\n<figure class=\"wp-block-video\"><video height=\"1080\" style=\"aspect-ratio: 1920 \/ 1080;\" width=\"1920\" controls src=\"https:\/\/www.sportskicentarbor.com\/wp-content\/uploads\/Tobogan-Bor.mp4\"><\/video><figcaption class=\"wp-element-caption\">\u0422\u043e\u0431\u043e\u0433\u0430\u043d \u043e\u0442\u0432\u043e\u0440\u0435\u043d\u0438\u0445 \u0431\u0430\u0437\u0435\u043d\u0430<\/figcaption><\/figure>\n\n\n\n<figure class=\"wp-block-video\"><video height=\"720\" style=\"aspect-ratio: 1280 \/ 720;\" width=\"1280\" controls poster=\"https:\/\/www.sportskicentarbor.com\/wp-content\/uploads\/Video-10.8.25.jpg\" src=\"https:\/\/www.sportskicentarbor.com\/wp-content\/uploads\/Video-USC-10.8.25.mp4\"><\/video><figcaption class=\"wp-element-caption\">\u041e\u0442\u0432\u043e\u0440\u0435\u043d\u0438 \u0431\u0430\u0437\u0435\u043d\u0438 \u0443 \u0411\u043e\u0440\u0443 &#8211; \u0421\u0435\u0437\u043e\u043d\u0430 2025<\/figcaption><\/figure>\n\n\n\n<figure class=\"wp-block-video\"><video height=\"1080\" style=\"aspect-ratio: 1920 \/ 1080;\" width=\"1920\" controls poster=\"https:\/\/www.sportskicentarbor.com\/wp-content\/uploads\/bazeni-bor-2025-video.jpg\" src=\"https:\/\/www.sportskicentarbor.com\/wp-content\/uploads\/Bazeni-Bor-Sezona-2025.mp4\"><\/video><figcaption class=\"wp-element-caption\">\u041e\u0442\u0432\u043e\u0440\u0435\u043d\u0438 \u0431\u0430\u0437\u0435\u043d\u0438 \u0443 \u0411\u043e\u0440\u0443 &#8211; 2025<\/figcaption><\/figure>\n\n\n\n<figure class=\"wp-block-embed is-type-video is-provider-youtube wp-block-embed-youtube wp-embed-aspect-16-9 wp-has-aspect-ratio\"><div class=\"wp-block-embed__wrapper\">\n<iframe loading=\"lazy\" title=\"Promocija fizi\u010dkog i mentalnog zdravlja, 25. oktobar 2024. (RTV Bor)\" width=\"525\" height=\"295\" src=\"https:\/\/www.youtube.com\/embed\/ezySjs38lLo?start=4&#038;feature=oembed\" frameborder=\"0\" allow=\"accelerometer; autoplay; clipboard-write; encrypted-media; gyroscope; picture-in-picture; web-share\" referrerpolicy=\"strict-origin-when-cross-origin\" allowfullscreen><\/iframe>\n<\/div><figcaption class=\"wp-element-caption\">\u0422\u0440\u0438\u0431\u0438\u043d\u0430 \u043e \u0437\u0434\u0440\u0430\u0432\u043e\u043c \u043d\u0430\u0447\u0438\u043d\u0443 \u0436\u0438\u0432\u043e\u0442\u0430 24.10.2024. &#8211; \u041f\u0440\u0438\u043b\u043e\u0433 \u0422\u0412 \u0411\u043e\u0440<\/figcaption><\/figure>\n\n\n\n<figure class=\"wp-block-embed is-type-video is-provider-youtube wp-block-embed-youtube wp-embed-aspect-16-9 wp-has-aspect-ratio\"><div class=\"wp-block-embed__wrapper\">\n<iframe loading=\"lazy\" title=\"Promo video za drugu Tribinu o zdravom na\u010dinu \u017eivota\" width=\"525\" height=\"295\" src=\"https:\/\/www.youtube.com\/embed\/y8AOgRqvIY8?feature=oembed\" frameborder=\"0\" allow=\"accelerometer; autoplay; clipboard-write; encrypted-media; gyroscope; picture-in-picture; web-share\" referrerpolicy=\"strict-origin-when-cross-origin\" allowfullscreen><\/iframe>\n<\/div><figcaption class=\"wp-element-caption\">\u041f\u043b\u0438\u0432\u0430\u045a\u0435 &#8211; \u0458\u0435\u0434\u0430\u043d \u043e\u0434 \u043d\u0430\u0458\u0437\u0434\u0440\u0430\u0432\u0438\u0458\u0438\u0445 \u0431\u0430\u0437\u0438\u0447\u043d\u0438\u0445 \u0441\u043f\u043e\u0440\u0442\u043e\u0432\u0430<\/figcaption><\/figure>\n\n\n\n<figure class=\"wp-block-embed is-type-video is-provider-youtube wp-block-embed-youtube wp-embed-aspect-16-9 wp-has-aspect-ratio\"><div class=\"wp-block-embed__wrapper\">\n<iframe loading=\"lazy\" title=\"Vatromet otvaranje klizali\u0161ta 12.12.2025.\" width=\"525\" height=\"295\" src=\"https:\/\/www.youtube.com\/embed\/3YG_KdD-GAo?feature=oembed\" frameborder=\"0\" allow=\"accelerometer; autoplay; clipboard-write; encrypted-media; gyroscope; picture-in-picture; web-share\" referrerpolicy=\"strict-origin-when-cross-origin\" allowfullscreen><\/iframe>\n<\/div><\/figure>\n\n\n\n<figure class=\"wp-block-embed is-type-video is-provider-youtube wp-block-embed-youtube wp-embed-aspect-16-9 wp-has-aspect-ratio\"><div class=\"wp-block-embed__wrapper\">\n<iframe loading=\"lazy\" title=\"Deda Mraz je iz Bora 2025\" width=\"525\" height=\"295\" src=\"https:\/\/www.youtube.com\/embed\/803i-xtStrk?feature=oembed\" frameborder=\"0\" allow=\"accelerometer; autoplay; clipboard-write; encrypted-media; gyroscope; picture-in-picture; web-share\" referrerpolicy=\"strict-origin-when-cross-origin\" allowfullscreen><\/iframe>\n<\/div><\/figure>\n\n\n\n<figure class=\"wp-block-embed is-type-video is-provider-youtube wp-block-embed-youtube wp-embed-aspect-16-9 wp-has-aspect-ratio\"><div class=\"wp-block-embed__wrapper\">\n<iframe loading=\"lazy\" title=\"Promo video 2026 1\" width=\"525\" height=\"295\" src=\"https:\/\/www.youtube.com\/embed\/KnmP9StvVTA?feature=oembed\" frameborder=\"0\" allow=\"accelerometer; autoplay; clipboard-write; encrypted-media; gyroscope; picture-in-picture; web-share\" referrerpolicy=\"strict-origin-when-cross-origin\" allowfullscreen><\/iframe>\n<\/div><\/figure>\n\n\n\n<figure class=\"wp-block-video\"><video height=\"1080\" style=\"aspect-ratio: 1920 \/ 1080;\" width=\"1920\" controls src=\"https:\/\/www.sportskicentarbor.com\/wp-content\/uploads\/Borovcanin-izjava-19.3.26.mp4\"><\/video><figcaption class=\"wp-element-caption\">\u041d\u0435\u043d\u0430\u0434 \u0411\u043e\u0440\u043e\u0432\u0447\u0430\u043d\u0438\u043d &#8211; \u0438\u0437\u0458\u0430\u0432\u0430 \u043f\u043e\u0432\u043e\u0434\u043e\u043c \u043e\u0440\u0433\u0430\u043d\u0438\u0437\u0430\u0446\u0438\u0458\u0435 \u043f\u0440\u043e\u0444\u0438 \u0431\u043e\u043a\u0441 \u0442\u0443\u0440\u043d\u0438\u0440\u0430 \u0443 \u0411\u043e\u0440\u0443<\/figcaption><\/figure>\n\n\n\n<figure class=\"wp-block-embed is-type-video is-provider-youtube wp-block-embed-youtube wp-embed-aspect-16-9 wp-has-aspect-ratio\"><div class=\"wp-block-embed__wrapper\">\n<iframe loading=\"lazy\" title=\"DKTV: Putevima Srbije | Bor - Grad rudara, kulture i sporta | EP 20\" width=\"525\" height=\"295\" src=\"https:\/\/www.youtube.com\/embed\/o5dQ0nGQ-SA?feature=oembed\" frameborder=\"0\" allow=\"accelerometer; autoplay; clipboard-write; encrypted-media; gyroscope; picture-in-picture; web-share\" referrerpolicy=\"strict-origin-when-cross-origin\" allowfullscreen><\/iframe>\n<\/div><figcaption class=\"wp-element-caption\">\u0411\u043e\u0440 &#8211; \u0433\u0440\u0430\u0434 \u0440\u0443\u0434\u0430\u0440\u0430, \u043a\u0443\u043b\u0442\u0443\u0440\u0435 \u0438 \u0441\u043f\u043e\u0440\u0442\u0430 (\u0414\u043e\u043a\u0443\u043c\u0435\u043d\u0442\u0430\u0440\u043d\u0430 \u0422\u0412)<\/figcaption><\/figure>\n\n\n\n<figure class=\"wp-block-embed is-type-video is-provider-youtube wp-block-embed-youtube wp-embed-aspect-4-3 wp-has-aspect-ratio\"><div class=\"wp-block-embed__wrapper\">\n<iframe loading=\"lazy\" title=\"Lajkuj Bor Oko magazin RTS, 18.09.2012.g\" width=\"525\" height=\"394\" src=\"https:\/\/www.youtube.com\/embed\/rTLABEj0VDk?feature=oembed\" frameborder=\"0\" allow=\"accelerometer; autoplay; clipboard-write; encrypted-media; gyroscope; picture-in-picture; web-share\" referrerpolicy=\"strict-origin-when-cross-origin\" allowfullscreen><\/iframe>\n<\/div><figcaption class=\"wp-element-caption\">&#8220;\u041b\u0430\u0458\u043a\u0443\u0458 \u0411\u043e\u0440&#8221; &#8211; (\u0420\u0422\u0421) \u041e\u041a\u041e \u041c\u0430\u0433\u0430\u0437\u0438\u043d, 18.09.2012.<\/figcaption><\/figure>\n\n\n\n<figure class=\"wp-block-embed aligncenter is-type-video is-provider-vimeo wp-block-embed-vimeo\"><div class=\"wp-block-embed__wrapper\">\n<iframe loading=\"lazy\" title=\"BorNet 2011 na RTS\" src=\"https:\/\/player.vimeo.com\/video\/32785233?dnt=1&amp;app_id=122963\" width=\"525\" height=\"420\" frameborder=\"0\" allow=\"autoplay; fullscreen; picture-in-picture; clipboard-write; encrypted-media; web-share\" referrerpolicy=\"strict-origin-when-cross-origin\"><\/iframe>\n<\/div><figcaption class=\"wp-element-caption\">&#8220;\u041e\u0432\u043e \u0458\u0435 \u0421\u0440\u0431\u0438\u0458\u0430&#8221; (\u0420\u0422\u0421) 28.11.2011. &#8211; \u041f\u0440\u0438\u043b\u043e\u0433 \u043e \u0438\u043d\u0442\u0435\u0440\u043d\u0435\u0442 \u043a\u043e\u0440\u0438\u0441\u043d\u0438\u0446\u0438\u043c\u0430 \u0433\u0440\u0430\u0434\u0430 \u0411\u043e\u0440\u0430<\/figcaption><\/figure>\n\n\n<!-- AddThis Advanced Settings generic via filter on the_content --><!-- AddThis Share Buttons generic via filter on the_content -->","protected":false},"excerpt":{"rendered":"<p>&#1042;&#1080;&#1076;&#1077;&#1086; &#1079;&#1072;&#1087;&#1080;&#1089;&#1080; &#1059;&#1089;&#1090;&#1072;&#1085;&#1086;&#1074;&#1077; &#1057;&#1087;&#1086;&#1088;&#1090;&#1089;&#1082;&#1080; &#1094;&#1077;&#1085;&#1090;&#1072;&#1088; &ldquo;&#1041;&#1086;&#1073;&#1072;&#1085;&#1072; &#1052;&#1086;&#1084;&#1095;&#1080;&#1083;&#1086;&#1074;&#1080;&#1115; &#1042;&#1077;&#1083;&#1080;&#1095;&#1082;&#1086;&#1074;&#1080;&#1115;&rdquo; &#1041;&#1086;&#1088;. &#1055;&#1088;&#1086;&#1084;&#1086;&#1090;&#1080;&#1074;&#1085;&#1080; &#1074;&#1080;&#1076;&#1077;&#1086; &#1089;&#1072;&#1076;&#1088;&#1078;&#1072;&#1112;&#1080; &#1082;&#1072;&#1086; &#1080; &#1080;&#1079;&#1074;&#1077;&#1096;&#1090;&#1072;&#1112;&#1080; &#1082;&#1088;&#1086;&#1079; &#1074;&#1080;&#1076;&#1077;&#1086; &#1079;&#1072;&#1087;&#1080;&#1089;.<!-- AddThis Advanced Settings generic via filter on wp_trim_excerpt --><!-- AddThis Share Buttons generic via filter on wp_trim_excerpt --><\/p>\n","protected":false},"author":6,"featured_media":11950,"parent":0,"menu_order":14,"comment_status":"closed","ping_status":"closed","template":"","meta":{"ngg_post_thumbnail":0,"footnotes":"","_links_to":"","_links_to_target":""},"class_list":["post-13890","page","type-page","status-publish","has-post-thumbnail","hentry"],"yoast_head":"<!-- This site is optimized with the Yoast SEO plugin v27.4 - https:\/\/yoast.com\/product\/yoast-seo-wordpress\/ -->\n<title>\u0412\u0438\u0434\u0435\u043e - \u0423\u0421\u0426 &quot;\u0411\u043e\u0431\u0430\u043d\u0430 \u041c\u043e\u043c\u0447\u0438\u043b\u043e\u0432\u0438\u045b \u0412\u0435\u043b\u0438\u0447\u043a\u043e\u0432\u0438\u045b&quot;<\/title>\n<meta name=\"description\" content=\"\u0412\u0438\u0434\u0435\u043e \u0437\u0430\u043f\u0438\u0441\u0438 \u0423\u0441\u0442\u0430\u043d\u043e\u0432\u0435 \u0421\u043f\u043e\u0440\u0442\u0441\u043a\u0438 \u0446\u0435\u043d\u0442\u0430\u0440 &quot;\u0411\u043e\u0431\u0430\u043d\u0430 \u041c\u043e\u043c\u0447\u0438\u043b\u043e\u0432\u0438\u045b \u0412\u0435\u043b\u0438\u0447\u043a\u043e\u0432\u0438\u045b&quot; \u0411\u043e\u0440. \u041f\u0440\u043e\u043c\u043e\u0442\u0438\u0432\u043d\u0438 \u0432\u0438\u0434\u0435\u043e \u0441\u0430\u0434\u0440\u0436\u0430\u0458\u0438 \u043a\u0430\u043e \u0438 \u0438\u0437\u0432\u0435\u0448\u0442\u0430\u0458\u0438 \u043a\u0440\u043e\u0437 \u0432\u0438\u0434\u0435\u043e \u0437\u0430\u043f\u0438\u0441.\" \/>\n<meta name=\"robots\" content=\"index, follow, max-snippet:-1, max-image-preview:large, max-video-preview:-1\" \/>\n<link rel=\"canonical\" href=\"https:\/\/www.sportskicentarbor.com\/?page_id=13890\" \/>\n<meta property=\"og:locale\" content=\"en_US\" \/>\n<meta property=\"og:type\" content=\"article\" \/>\n<meta property=\"og:title\" content=\"\u0412\u0438\u0434\u0435\u043e - \u0423\u0421\u0426 &quot;\u0411\u043e\u0431\u0430\u043d\u0430 \u041c\u043e\u043c\u0447\u0438\u043b\u043e\u0432\u0438\u045b \u0412\u0435\u043b\u0438\u0447\u043a\u043e\u0432\u0438\u045b&quot;\" \/>\n<meta property=\"og:description\" content=\"\u0412\u0438\u0434\u0435\u043e \u0437\u0430\u043f\u0438\u0441\u0438 \u0423\u0441\u0442\u0430\u043d\u043e\u0432\u0435 \u0421\u043f\u043e\u0440\u0442\u0441\u043a\u0438 \u0446\u0435\u043d\u0442\u0430\u0440 &quot;\u0411\u043e\u0431\u0430\u043d\u0430 \u041c\u043e\u043c\u0447\u0438\u043b\u043e\u0432\u0438\u045b \u0412\u0435\u043b\u0438\u0447\u043a\u043e\u0432\u0438\u045b&quot; \u0411\u043e\u0440. \u041f\u0440\u043e\u043c\u043e\u0442\u0438\u0432\u043d\u0438 \u0432\u0438\u0434\u0435\u043e \u0441\u0430\u0434\u0440\u0436\u0430\u0458\u0438 \u043a\u0430\u043e \u0438 \u0438\u0437\u0432\u0435\u0448\u0442\u0430\u0458\u0438 \u043a\u0440\u043e\u0437 \u0432\u0438\u0434\u0435\u043e \u0437\u0430\u043f\u0438\u0441.\" \/>\n<meta property=\"og:url\" content=\"https:\/\/www.sportskicentarbor.com\/?page_id=13890\" \/>\n<meta property=\"og:site_name\" content=\"\u0423\u0421\u0426 &quot;\u0411\u043e\u0431\u0430\u043d\u0430 \u041c\u043e\u043c\u0447\u0438\u043b\u043e\u0432\u0438\u045b \u0412\u0435\u043b\u0438\u0447\u043a\u043e\u0432\u0438\u045b&quot;\" \/>\n<meta property=\"article:modified_time\" content=\"2026-03-30T11:50:02+00:00\" \/>\n<meta property=\"og:image\" content=\"https:\/\/www.sportskicentarbor.com\/wp-content\/uploads\/Otvoreni-bazeni-3-1.jpg\" \/>\n\t<meta property=\"og:image:width\" content=\"1021\" \/>\n\t<meta property=\"og:image:height\" content=\"768\" \/>\n\t<meta property=\"og:image:type\" content=\"image\/jpeg\" \/>\n<meta name=\"twitter:card\" content=\"summary_large_image\" \/>\n<meta name=\"twitter:label1\" content=\"Est. reading time\" \/>\n\t<meta name=\"twitter:data1\" content=\"1 minute\" \/>\n<script type=\"application\/ld+json\" class=\"yoast-schema-graph\">{\"@context\":\"https:\\\/\\\/schema.org\",\"@graph\":[{\"@type\":\"WebPage\",\"@id\":\"https:\\\/\\\/www.sportskicentarbor.com\\\/?page_id=13890\",\"url\":\"https:\\\/\\\/www.sportskicentarbor.com\\\/?page_id=13890\",\"name\":\"\u0412\u0438\u0434\u0435\u043e - \u0423\u0421\u0426 &quot;\u0411\u043e\u0431\u0430\u043d\u0430 \u041c\u043e\u043c\u0447\u0438\u043b\u043e\u0432\u0438\u045b \u0412\u0435\u043b\u0438\u0447\u043a\u043e\u0432\u0438\u045b&quot;\",\"isPartOf\":{\"@id\":\"https:\\\/\\\/www.sportskicentarbor.com\\\/#website\"},\"primaryImageOfPage\":{\"@id\":\"https:\\\/\\\/www.sportskicentarbor.com\\\/?page_id=13890#primaryimage\"},\"image\":{\"@id\":\"https:\\\/\\\/www.sportskicentarbor.com\\\/?page_id=13890#primaryimage\"},\"thumbnailUrl\":\"https:\\\/\\\/www.sportskicentarbor.com\\\/wp-content\\\/uploads\\\/Otvoreni-bazeni-3-1.jpg\",\"datePublished\":\"2025-11-06T14:37:51+00:00\",\"dateModified\":\"2026-03-30T11:50:02+00:00\",\"description\":\"\u0412\u0438\u0434\u0435\u043e \u0437\u0430\u043f\u0438\u0441\u0438 \u0423\u0441\u0442\u0430\u043d\u043e\u0432\u0435 \u0421\u043f\u043e\u0440\u0442\u0441\u043a\u0438 \u0446\u0435\u043d\u0442\u0430\u0440 \\\"\u0411\u043e\u0431\u0430\u043d\u0430 \u041c\u043e\u043c\u0447\u0438\u043b\u043e\u0432\u0438\u045b \u0412\u0435\u043b\u0438\u0447\u043a\u043e\u0432\u0438\u045b\\\" \u0411\u043e\u0440. \u041f\u0440\u043e\u043c\u043e\u0442\u0438\u0432\u043d\u0438 \u0432\u0438\u0434\u0435\u043e \u0441\u0430\u0434\u0440\u0436\u0430\u0458\u0438 \u043a\u0430\u043e \u0438 \u0438\u0437\u0432\u0435\u0448\u0442\u0430\u0458\u0438 \u043a\u0440\u043e\u0437 \u0432\u0438\u0434\u0435\u043e \u0437\u0430\u043f\u0438\u0441.\",\"breadcrumb\":{\"@id\":\"https:\\\/\\\/www.sportskicentarbor.com\\\/?page_id=13890#breadcrumb\"},\"inLanguage\":\"en-US\",\"potentialAction\":[{\"@type\":\"ReadAction\",\"target\":[\"https:\\\/\\\/www.sportskicentarbor.com\\\/?page_id=13890\"]}]},{\"@type\":\"ImageObject\",\"inLanguage\":\"en-US\",\"@id\":\"https:\\\/\\\/www.sportskicentarbor.com\\\/?page_id=13890#primaryimage\",\"url\":\"https:\\\/\\\/www.sportskicentarbor.com\\\/wp-content\\\/uploads\\\/Otvoreni-bazeni-3-1.jpg\",\"contentUrl\":\"https:\\\/\\\/www.sportskicentarbor.com\\\/wp-content\\\/uploads\\\/Otvoreni-bazeni-3-1.jpg\",\"width\":1021,\"height\":768,\"caption\":\"Otvoreni-bazeni-3-1\"},{\"@type\":\"BreadcrumbList\",\"@id\":\"https:\\\/\\\/www.sportskicentarbor.com\\\/?page_id=13890#breadcrumb\",\"itemListElement\":[{\"@type\":\"ListItem\",\"position\":1,\"name\":\"Home\",\"item\":\"https:\\\/\\\/www.sportskicentarbor.com\\\/\"},{\"@type\":\"ListItem\",\"position\":2,\"name\":\"\u0412\u0438\u0434\u0435\u043e\"}]},{\"@type\":\"WebSite\",\"@id\":\"https:\\\/\\\/www.sportskicentarbor.com\\\/#website\",\"url\":\"https:\\\/\\\/www.sportskicentarbor.com\\\/\",\"name\":\"\u0423\u0421\u0426 \\\"\u0411\u043e\u0431\u0430\u043d\u0430 \u041c. \u0412\u0435\u043b\u0438\u0447\u043a\u043e\u0432\u0438\u045b\\\" \u0411\u043e\u0440\",\"description\":\"\u0417\u0434\u0440\u0430\u0432\u0430 \u0434\u0435\u0446\u0430 - \u0437\u0434\u0440\u0430\u0432\u0430 \u043d\u0430\u0446\u0438\u0458\u0430\",\"potentialAction\":[{\"@type\":\"SearchAction\",\"target\":{\"@type\":\"EntryPoint\",\"urlTemplate\":\"https:\\\/\\\/www.sportskicentarbor.com\\\/?s={search_term_string}\"},\"query-input\":{\"@type\":\"PropertyValueSpecification\",\"valueRequired\":true,\"valueName\":\"search_term_string\"}}],\"inLanguage\":\"en-US\"}]}<\/script>\n<!-- \/ Yoast SEO plugin. -->","yoast_head_json":{"title":"\u0412\u0438\u0434\u0435\u043e - \u0423\u0421\u0426 &quot;\u0411\u043e\u0431\u0430\u043d\u0430 \u041c\u043e\u043c\u0447\u0438\u043b\u043e\u0432\u0438\u045b \u0412\u0435\u043b\u0438\u0447\u043a\u043e\u0432\u0438\u045b&quot;","description":"\u0412\u0438\u0434\u0435\u043e \u0437\u0430\u043f\u0438\u0441\u0438 \u0423\u0441\u0442\u0430\u043d\u043e\u0432\u0435 \u0421\u043f\u043e\u0440\u0442\u0441\u043a\u0438 \u0446\u0435\u043d\u0442\u0430\u0440 \"\u0411\u043e\u0431\u0430\u043d\u0430 \u041c\u043e\u043c\u0447\u0438\u043b\u043e\u0432\u0438\u045b \u0412\u0435\u043b\u0438\u0447\u043a\u043e\u0432\u0438\u045b\" \u0411\u043e\u0440. \u041f\u0440\u043e\u043c\u043e\u0442\u0438\u0432\u043d\u0438 \u0432\u0438\u0434\u0435\u043e \u0441\u0430\u0434\u0440\u0436\u0430\u0458\u0438 \u043a\u0430\u043e \u0438 \u0438\u0437\u0432\u0435\u0448\u0442\u0430\u0458\u0438 \u043a\u0440\u043e\u0437 \u0432\u0438\u0434\u0435\u043e \u0437\u0430\u043f\u0438\u0441.","robots":{"index":"index","follow":"follow","max-snippet":"max-snippet:-1","max-image-preview":"max-image-preview:large","max-video-preview":"max-video-preview:-1"},"canonical":"https:\/\/www.sportskicentarbor.com\/?page_id=13890","og_locale":"en_US","og_type":"article","og_title":"\u0412\u0438\u0434\u0435\u043e - \u0423\u0421\u0426 &quot;\u0411\u043e\u0431\u0430\u043d\u0430 \u041c\u043e\u043c\u0447\u0438\u043b\u043e\u0432\u0438\u045b \u0412\u0435\u043b\u0438\u0447\u043a\u043e\u0432\u0438\u045b&quot;","og_description":"\u0412\u0438\u0434\u0435\u043e \u0437\u0430\u043f\u0438\u0441\u0438 \u0423\u0441\u0442\u0430\u043d\u043e\u0432\u0435 \u0421\u043f\u043e\u0440\u0442\u0441\u043a\u0438 \u0446\u0435\u043d\u0442\u0430\u0440 \"\u0411\u043e\u0431\u0430\u043d\u0430 \u041c\u043e\u043c\u0447\u0438\u043b\u043e\u0432\u0438\u045b \u0412\u0435\u043b\u0438\u0447\u043a\u043e\u0432\u0438\u045b\" \u0411\u043e\u0440. \u041f\u0440\u043e\u043c\u043e\u0442\u0438\u0432\u043d\u0438 \u0432\u0438\u0434\u0435\u043e \u0441\u0430\u0434\u0440\u0436\u0430\u0458\u0438 \u043a\u0430\u043e \u0438 \u0438\u0437\u0432\u0435\u0448\u0442\u0430\u0458\u0438 \u043a\u0440\u043e\u0437 \u0432\u0438\u0434\u0435\u043e \u0437\u0430\u043f\u0438\u0441.","og_url":"https:\/\/www.sportskicentarbor.com\/?page_id=13890","og_site_name":"\u0423\u0421\u0426 &quot;\u0411\u043e\u0431\u0430\u043d\u0430 \u041c\u043e\u043c\u0447\u0438\u043b\u043e\u0432\u0438\u045b \u0412\u0435\u043b\u0438\u0447\u043a\u043e\u0432\u0438\u045b&quot;","article_modified_time":"2026-03-30T11:50:02+00:00","og_image":[{"width":1021,"height":768,"url":"https:\/\/www.sportskicentarbor.com\/wp-content\/uploads\/Otvoreni-bazeni-3-1.jpg","type":"image\/jpeg"}],"twitter_card":"summary_large_image","twitter_misc":{"Est. reading time":"1 minute"},"schema":{"@context":"https:\/\/schema.org","@graph":[{"@type":"WebPage","@id":"https:\/\/www.sportskicentarbor.com\/?page_id=13890","url":"https:\/\/www.sportskicentarbor.com\/?page_id=13890","name":"\u0412\u0438\u0434\u0435\u043e - \u0423\u0421\u0426 &quot;\u0411\u043e\u0431\u0430\u043d\u0430 \u041c\u043e\u043c\u0447\u0438\u043b\u043e\u0432\u0438\u045b \u0412\u0435\u043b\u0438\u0447\u043a\u043e\u0432\u0438\u045b&quot;","isPartOf":{"@id":"https:\/\/www.sportskicentarbor.com\/#website"},"primaryImageOfPage":{"@id":"https:\/\/www.sportskicentarbor.com\/?page_id=13890#primaryimage"},"image":{"@id":"https:\/\/www.sportskicentarbor.com\/?page_id=13890#primaryimage"},"thumbnailUrl":"https:\/\/www.sportskicentarbor.com\/wp-content\/uploads\/Otvoreni-bazeni-3-1.jpg","datePublished":"2025-11-06T14:37:51+00:00","dateModified":"2026-03-30T11:50:02+00:00","description":"\u0412\u0438\u0434\u0435\u043e \u0437\u0430\u043f\u0438\u0441\u0438 \u0423\u0441\u0442\u0430\u043d\u043e\u0432\u0435 \u0421\u043f\u043e\u0440\u0442\u0441\u043a\u0438 \u0446\u0435\u043d\u0442\u0430\u0440 \"\u0411\u043e\u0431\u0430\u043d\u0430 \u041c\u043e\u043c\u0447\u0438\u043b\u043e\u0432\u0438\u045b \u0412\u0435\u043b\u0438\u0447\u043a\u043e\u0432\u0438\u045b\" \u0411\u043e\u0440. \u041f\u0440\u043e\u043c\u043e\u0442\u0438\u0432\u043d\u0438 \u0432\u0438\u0434\u0435\u043e \u0441\u0430\u0434\u0440\u0436\u0430\u0458\u0438 \u043a\u0430\u043e \u0438 \u0438\u0437\u0432\u0435\u0448\u0442\u0430\u0458\u0438 \u043a\u0440\u043e\u0437 \u0432\u0438\u0434\u0435\u043e \u0437\u0430\u043f\u0438\u0441.","breadcrumb":{"@id":"https:\/\/www.sportskicentarbor.com\/?page_id=13890#breadcrumb"},"inLanguage":"en-US","potentialAction":[{"@type":"ReadAction","target":["https:\/\/www.sportskicentarbor.com\/?page_id=13890"]}]},{"@type":"ImageObject","inLanguage":"en-US","@id":"https:\/\/www.sportskicentarbor.com\/?page_id=13890#primaryimage","url":"https:\/\/www.sportskicentarbor.com\/wp-content\/uploads\/Otvoreni-bazeni-3-1.jpg","contentUrl":"https:\/\/www.sportskicentarbor.com\/wp-content\/uploads\/Otvoreni-bazeni-3-1.jpg","width":1021,"height":768,"caption":"Otvoreni-bazeni-3-1"},{"@type":"BreadcrumbList","@id":"https:\/\/www.sportskicentarbor.com\/?page_id=13890#breadcrumb","itemListElement":[{"@type":"ListItem","position":1,"name":"Home","item":"https:\/\/www.sportskicentarbor.com\/"},{"@type":"ListItem","position":2,"name":"\u0412\u0438\u0434\u0435\u043e"}]},{"@type":"WebSite","@id":"https:\/\/www.sportskicentarbor.com\/#website","url":"https:\/\/www.sportskicentarbor.com\/","name":"\u0423\u0421\u0426 \"\u0411\u043e\u0431\u0430\u043d\u0430 \u041c. \u0412\u0435\u043b\u0438\u0447\u043a\u043e\u0432\u0438\u045b\" \u0411\u043e\u0440","description":"\u0417\u0434\u0440\u0430\u0432\u0430 \u0434\u0435\u0446\u0430 - \u0437\u0434\u0440\u0430\u0432\u0430 \u043d\u0430\u0446\u0438\u0458\u0430","potentialAction":[{"@type":"SearchAction","target":{"@type":"EntryPoint","urlTemplate":"https:\/\/www.sportskicentarbor.com\/?s={search_term_string}"},"query-input":{"@type":"PropertyValueSpecification","valueRequired":true,"valueName":"search_term_string"}}],"inLanguage":"en-US"}]}},"_links":{"self":[{"href":"https:\/\/www.sportskicentarbor.com\/index.php?rest_route=\/wp\/v2\/pages\/13890","targetHints":{"allow":["GET"]}}],"collection":[{"href":"https:\/\/www.sportskicentarbor.com\/index.php?rest_route=\/wp\/v2\/pages"}],"about":[{"href":"https:\/\/www.sportskicentarbor.com\/index.php?rest_route=\/wp\/v2\/types\/page"}],"author":[{"embeddable":true,"href":"https:\/\/www.sportskicentarbor.com\/index.php?rest_route=\/wp\/v2\/users\/6"}],"replies":[{"embeddable":true,"href":"https:\/\/www.sportskicentarbor.com\/index.php?rest_route=%2Fwp%2Fv2%2Fcomments&post=13890"}],"version-history":[{"count":21,"href":"https:\/\/www.sportskicentarbor.com\/index.php?rest_route=\/wp\/v2\/pages\/13890\/revisions"}],"predecessor-version":[{"id":16483,"href":"https:\/\/www.sportskicentarbor.com\/index.php?rest_route=\/wp\/v2\/pages\/13890\/revisions\/16483"}],"wp:featuredmedia":[{"embeddable":true,"href":"https:\/\/www.sportskicentarbor.com\/index.php?rest_route=\/wp\/v2\/media\/11950"}],"wp:attachment":[{"href":"https:\/\/www.sportskicentarbor.com\/index.php?rest_route=%2Fwp%2Fv2%2Fmedia&parent=13890"}],"curies":[{"name":"wp","href":"https:\/\/api.w.org\/{rel}","templated":true}]}}