{"id":3376,"date":"2018-01-30T14:03:41","date_gmt":"2018-01-30T12:03:41","guid":{"rendered":"http:\/\/www.sportskicentarbor.com\/?page_id=3376"},"modified":"2026-03-14T16:50:44","modified_gmt":"2026-03-14T15:50:44","slug":"%d1%84%d0%b8%d0%bd%d0%b0%d0%bd%d1%81%d0%b8%d1%98%d1%81%d0%ba%d0%b8-%d0%b8%d0%b7%d0%b2%d0%b5%d1%88%d1%82%d0%b0%d1%98","status":"publish","type":"page","link":"https:\/\/www.sportskicentarbor.com\/?page_id=3376","title":{"rendered":"\u0424\u0438\u043d\u0430\u043d\u0441\u0438\u0458\u0441\u043a\u0438 \u0438\u0437\u0432\u0435\u0448\u0442\u0430\u0458"},"content":{"rendered":"\n<p><strong>\u0424\u0438\u043d\u0430\u043d\u0441\u0438\u0458\u0441\u043a\u0438 \u0438\u0437\u0432\u0435\u0448\u0442\u0430\u0458 \u0437\u0430 2025. \u0433\u043e\u0434\u0438\u043d\u0443:<\/strong><\/p>\n<p><a href=\"https:\/\/www.sportskicentarbor.com\/wp-content\/uploads\/GFI-2025-80418-1_potpis.pdf\">GFI-2025-80418-1_\u043f\u043e\u0442\u043f\u0438\u0441<\/a><\/p>\n<p><a href=\"https:\/\/www.sportskicentarbor.com\/wp-content\/uploads\/Izvesta\u0458-uz-zavrsni-za-2025.-godinu.pdf\">\u0418\u0437\u0432\u0435\u0448\u0442\u0430\u0458 \u0443\u0437 \u0437\u0430\u0432\u0440\u0448\u043d\u0438 \u0437\u0430 2025. \u0433\u043e\u0434\u0438\u043d\u0443<\/a><\/p>\n<p><a href=\"https:\/\/www.sportskicentarbor.com\/wp-content\/uploads\/Napomena-sa-obrazlozenjem-dopuna.pdf\">\u041d\u0430\u043f\u043e\u043c\u0435\u043d\u0430 \u0441\u0430 \u043e\u0431\u0440\u0430\u0437\u043b\u043e\u0436\u0435\u045a\u0435\u043c \u0434\u043e\u043f\u0443\u043d\u0430<\/a><\/p>\n<p><a href=\"https:\/\/www.sportskicentarbor.com\/wp-content\/uploads\/odluka-o-usvajanju-zavrsnog-racuna-2025.-2.pdf\">\u041e\u0434\u043b\u0443\u043a\u0430 \u043e \u0443\u0441\u0432\u0430\u0458\u0430\u045a\u0443 \u0437\u0430\u0432\u0440\u0448\u043d\u043e\u0433 \u0440\u0430\u0447\u0443\u043d\u0430 2025.<\/a><\/p>\n\n\n\n<p><strong>\u0424\u0438\u043d\u0430\u043d\u0441\u0438\u0458\u0441\u043a\u0438 \u0438\u0437\u0432\u0435\u0448\u0442\u0430\u0458 \u0437\u0430 2024. \u0433\u043e\u0434\u0438\u043d\u0443:<\/strong><\/p>\n<p><a href=\"https:\/\/www.sportskicentarbor.com\/wp-content\/uploads\/Odluka-o-usvajanju-finansijskog-izvestaja-za-2024-godinu.pdf\">\u041e\u0434\u043b\u0443\u043a\u0430 \u043e \u0443\u0441\u0432\u0430\u0458\u0430\u045a\u0443 \u0444\u0438\u043d\u0430\u043d\u0441\u0438\u0458\u0441\u043a\u043e\u0433 \u0438\u0437\u0432\u0435\u0448\u0442\u0430\u0458\u0430 \u0437\u0430 2024. \u0433\u043e\u0434\u0438\u043d\u0443<\/a><\/p>\n<p><a href=\"https:\/\/www.sportskicentarbor.com\/wp-content\/uploads\/Bilans-stanja.pdf\">\u0411\u0438\u043b\u0430\u043d\u0441 \u0441\u0442\u0430\u045a\u0430<\/a><\/p>\n<p><a href=\"https:\/\/www.sportskicentarbor.com\/wp-content\/uploads\/Bilans-prihoda-i-rashoda.pdf\">\u0411\u0438\u043b\u0430\u043d\u0441 \u043f\u0440\u0438\u0445\u043e\u0434\u0430 \u0438 \u0440\u0430\u0441\u0445\u043e\u0434\u0430<\/a><\/p>\n<p><a href=\"https:\/\/www.sportskicentarbor.com\/wp-content\/uploads\/Izvestaj-o-kapitalnim-izdacima-i-primanjima.pdf\">\u0418\u0437\u0432\u0435\u0448\u0442\u0430\u0458 \u043e \u043a\u0430\u043f\u0438\u0442\u0430\u043b\u043d\u0438\u043c \u0438\u0437\u0434\u0430\u0446\u0438\u043c\u0430 \u0438 \u043f\u0440\u0438\u043c\u0430\u045a\u0438\u043c\u0430<\/a><\/p>\n<p><a href=\"https:\/\/www.sportskicentarbor.com\/wp-content\/uploads\/Izvestaj-o-novcanim-tokovima.pdf\">\u0418\u0437\u0432\u0435\u0448\u0442\u0430\u0458 \u043e \u043d\u043e\u0432\u0447\u0430\u043d\u0438\u043c \u0442\u043e\u043a\u043e\u0432\u0438\u043c\u0430<\/a><\/p>\n<p><a href=\"https:\/\/www.sportskicentarbor.com\/wp-content\/uploads\/Izvestaj-o-izvrsenju-budzeta.pdf\">\u0418\u0437\u0432\u0435\u0448\u0442\u0430\u0458 \u043e \u0438\u0437\u0432\u0440\u0448\u0435\u045a\u0443 \u0431\u0443\u045f\u0435\u0442\u0430<\/a><\/p>\n<p><a href=\"https:\/\/www.sportskicentarbor.com\/wp-content\/uploads\/Obrazlozenje-odstupanja-izmedju-odobrenih-sredstava-izvrsenja.pdf\">\u041e\u0431\u0440\u0430\u0437\u043b\u043e\u0436\u0435\u045a\u0435 \u043e\u0434\u0441\u0442\u0443\u043f\u0430\u045a\u0430 \u0438\u0437\u043c\u0435\u0452\u0443 \u043e\u0434\u043e\u0431\u0440\u0435\u043d\u0438\u0445 \u0441\u0440\u0435\u0434\u0441\u0442\u0430\u0432\u0430 \u0438\u0437\u0432\u0440\u0448\u0435\u045a\u0430<\/a><\/p>\n<p><a href=\"https:\/\/www.sportskicentarbor.com\/wp-content\/uploads\/Informacioni-sistem-za-podnosenje-finansijskih-izvestaja.pdf\">\u0418\u043d\u0444\u043e\u0440\u043c\u0430\u0446\u0438\u043e\u043d\u0438 \u0441\u0438\u0441\u0442\u0435\u043c \u0437\u0430 \u043f\u043e\u0434\u043d\u043e\u0448\u0435\u045a\u0435 \u0444\u0438\u043d\u0430\u043d\u0441\u0438\u0458\u0441\u043a\u0438\u0445 \u0438\u0437\u0432\u0435\u0448\u0442\u0430\u0458\u0430<\/a><\/p>\n\n\n\n<p style=\"text-align: left;\"><strong>Finansijski izve\u0161taj za 2023. godinu<\/strong><\/p>\n<p><a href=\"https:\/\/www.sportskicentarbor.com\/wp-content\/uploads\/2024\/02\/Odluka-o-usvajanju-finansijskog-izvestaja-za-2023.-godinu.pdf\">Odluka o usvajanju finansijskog izve\u0161taja za 2023. godinu<\/a><\/p>\n<p><a href=\"https:\/\/www.sportskicentarbor.com\/wp-content\/uploads\/2024\/02\/Izvestaj-uz-zavrsni-za-2023.-godinu.pdf\">Izve\u0161taj uz zavr\u0161ni za 2023. godinu<\/a><\/p>\n<p><a href=\"https:\/\/www.sportskicentarbor.com\/wp-content\/uploads\/2024\/02\/GFI-2023-80418-1.pdf\">GFI-2023-80418-1<\/a><\/p>\n<p><a href=\"https:\/\/www.sportskicentarbor.com\/wp-content\/uploads\/2024\/02\/PFI4-2023-80418-1_O5_2024-01-09T10-30-18.pdf\">PFI4-2023-80418-1_O5_2023<\/a><\/p>\n<p><a href=\"https:\/\/www.sportskicentarbor.com\/wp-content\/uploads\/2024\/02\/PFI3-2023-80418-1_2023-10-03T11-32-22.pdf\">PFI3-2023-80418-1_O5_2023<\/a><\/p>\n<p><a href=\"https:\/\/www.sportskicentarbor.com\/wp-content\/uploads\/2023\/09\/PFI2-2023-80418-1_2023-07-10T10-58-17.pdf\">PFI2-2023-80418-1_O5_2023<\/a><\/p>\n<p><a href=\"https:\/\/www.sportskicentarbor.com\/wp-content\/uploads\/2023\/09\/PFI1-2023-80418-1_2023-04-06T11-27-12.pdf\">PFI1-2023-80418-1_O5_2023<\/a><\/p>\n<p style=\"text-align: left;\"><strong>Finansijski izve\u0161taj za 2022. godinu<\/strong><\/p>\n<p><a href=\"https:\/\/www.sportskicentarbor.com\/wp-content\/uploads\/2023\/09\/Odluka-o-usvajanju-finansijskog-izvesataja-za-2022.-godinu.pdf\">Odluka o usvajanju finansijskog izve\u0161ataja za 2022. godinu<\/a><\/p>\n<p><a href=\"https:\/\/www.sportskicentarbor.com\/wp-content\/uploads\/2023\/09\/Izvestaj-uz-zavrsni-za-2022.-godinu.pdf\">Izve\u0161taj uz zavr\u0161ni za 2022. godinu<\/a><\/p>\n<p><a href=\"https:\/\/www.sportskicentarbor.com\/wp-content\/uploads\/2023\/09\/GFI-2022-80418-1.pdf\">GFI-2022-80418-1<\/a><\/p>\n<p><a href=\"https:\/\/www.sportskicentarbor.com\/wp-content\/uploads\/2023\/01\/PFI4-2022-80418-1_O5_2022.pdf\">PFI4-2022-80418-1_O5_2022<\/a><\/p>\n<p><a href=\"https:\/\/www.sportskicentarbor.com\/wp-content\/uploads\/2023\/01\/PFI3-2022-80418-1_O5_2022.pdf\">PFI3-2022-80418-1_O5_2022<\/a><\/p>\n<p><a href=\"https:\/\/www.sportskicentarbor.com\/wp-content\/uploads\/2022\/09\/PFI1-2022-80418-1_O5_2022-07-07T13-18-55.pdf\">PFI2-2022-80418-1_O5_2022<\/a><\/p>\n<p><a href=\"https:\/\/www.sportskicentarbor.com\/wp-content\/uploads\/2022\/04\/PFI1-2022-80418-1_O5_2022-04-04T13-18-55.pdf\">PFI1-2022-80418-1_O5_2022<\/a><\/p>\n<p style=\"text-align: left;\"><strong>Finansijski izve\u0161taj za 2021. godinu<\/strong><\/p>\n<p><a href=\"https:\/\/www.sportskicentarbor.com\/wp-content\/uploads\/2022\/10\/odluka-o-usvajanju-finansijskog-izvestaja-za-2021.-godinupdf.pdf\">Odluka o usvajanju finansijskog izve\u0161taja za 2021. godinu<\/a><\/p>\n<p><a href=\"https:\/\/www.sportskicentarbor.com\/wp-content\/uploads\/2022\/04\/izvestaj-uz-zavrsni-za-2021.god_..pdf\">Izve\u0161taj uz izvr\u0161enje bud\u017eeta za 2021. godinu<\/a><\/p>\n<p><a href=\"https:\/\/www.sportskicentarbor.com\/wp-content\/uploads\/2022\/04\/GFI-2021-80418-2_O5_2022-02-28T13-24-20.pdf\">GFI-2021-80418-2_O5_2022-02-28T13-24-20<\/a><\/p>\n<p><a href=\"https:\/\/www.sportskicentarbor.com\/wp-content\/uploads\/2022\/02\/PFI4-2021-80418-1_O5_2022-01-12T07-27-20-3.pdf\">PFI4-2021-80418-1_O5_2022-01-12T07-27-20-3<\/a><\/p>\n<p><a href=\"https:\/\/www.sportskicentarbor.com\/wp-content\/uploads\/2022\/02\/PFI3-2021-80418-1_O5_2021-10-06T09-09-42.pdf\">PFI3-2021-80418-1_O5_2021-10-06T09-09-42<\/a><\/p>\n<p><a href=\"https:\/\/www.sportskicentarbor.com\/wp-content\/uploads\/2022\/02\/PFI2-2021-80418-1_2021-07-02T12-40-38.pdf\">PFI2-2021-80418-1_2021-07-02T12-40-38<\/a><\/p>\n<p><a href=\"https:\/\/www.sportskicentarbor.com\/wp-content\/uploads\/2022\/02\/PFI1-2021-80418-1.pdf\">PFI1-2021-80418-1<\/a><\/p>\n<p style=\"text-align: left;\"><strong>Finansijski izve\u0161taj za 2020. godinu<\/strong><\/p>\n<p><a href=\"https:\/\/www.sportskicentarbor.com\/wp-content\/uploads\/2022\/10\/Odluka-o-usvajanju-finansijkog-izvestaja-za-2020.-godinu.pdf\">Odluka o usvajanju finansijskog izve\u0161taja za 2020. godinu<\/a><\/p>\n<p><a href=\"https:\/\/www.sportskicentarbor.com\/wp-content\/uploads\/2021\/03\/izvestaji-uz-izvrsenje-budzeta-za-2020.-godinu.pdf\">Izvestaji uz izvr\u0161enje bud\u017eeta za 2020. godinu<\/a><\/p>\n<p><a href=\"https:\/\/www.sportskicentarbor.com\/wp-content\/uploads\/2021\/03\/GFI-2020-80418-1_2021-03-01T01-37-21.pdf\">GFI-2020-80418-1_2021-03-01T01-37-21<\/a><\/p>\n<p><a href=\"https:\/\/www.sportskicentarbor.com\/wp-content\/uploads\/2021\/03\/Izvestaj-o-izvrsenju-budzeta-01.01.2020.-31.12.2020.pdf\">Izve\u0161taj o izvr\u0161enju bud\u017eeta 01.01.2020. &#8211; 31.12.2020<\/a><\/p>\n<p><a href=\"https:\/\/www.sportskicentarbor.com\/wp-content\/uploads\/2021\/03\/Izvestaj-o-izvrsenju-budzeta-01.01.2020.-30.09.2020..pdf\">Izve\u0161taj o izvr\u0161enju bud\u017eeta 01.01.2020.-30.09.2020.<\/a><\/p>\n<p><a href=\"https:\/\/www.sportskicentarbor.com\/wp-content\/uploads\/2021\/03\/Izvestaj-o-izvrsenju-budzeta-01.01.2020.-30.06.2020.pdf\">Izve\u0161taj o izvr\u0161enju bud\u017eeta 01.01.2020. &#8211; 30.06.2020<\/a><\/p>\n<p><a href=\"https:\/\/www.sportskicentarbor.com\/wp-content\/uploads\/2021\/03\/Izvestaj-o-izvrsenju-budzeta-01.01.2020.-31.03.2020.-ispravka.pdf\">Izve\u0161taj o izvr\u0161enju bud\u017eeta 01.01.2020.-31.03.2020. &#8211; ispravka<\/a><\/p>\n<p><a href=\"https:\/\/www.sportskicentarbor.com\/wp-content\/uploads\/2021\/03\/Izvestaj-o-izvrsenju-budzeta-01.01.2020.-31.03.2020..pdf\">Izve\u0161taj o izvr\u0161enju bud\u017eeta 01.01.2020.-31.03.2020.<\/a><\/p>\n<p>&nbsp;<\/p>\n\n\n\n\n<!-- AddThis Advanced Settings generic via filter on the_content --><!-- AddThis Share Buttons generic via filter on the_content -->","protected":false},"excerpt":{"rendered":"<p>&#1060;&#1080;&#1085;&#1072;&#1085;&#1089;&#1080;&#1112;&#1089;&#1082;&#1080; &#1080;&#1079;&#1074;&#1077;&#1096;&#1090;&#1072;&#1112; &#1079;&#1072; 2025. &#1075;&#1086;&#1076;&#1080;&#1085;&#1091;: GFI-2025-80418-1_&#1087;&#1086;&#1090;&#1087;&#1080;&#1089; &#1048;&#1079;&#1074;&#1077;&#1096;&#1090;&#1072;&#1112; &#1091;&#1079; &#1079;&#1072;&#1074;&#1088;&#1096;&#1085;&#1080; &#1079;&#1072; 2025. &#1075;&#1086;&#1076;&#1080;&#1085;&#1091; &#1053;&#1072;&#1087;&#1086;&#1084;&#1077;&#1085;&#1072; &#1089;&#1072; &#1086;&#1073;&#1088;&#1072;&#1079;&#1083;&#1086;&#1078;&#1077;&#1114;&#1077;&#1084; &#1076;&#1086;&#1087;&#1091;&#1085;&#1072; &#1054;&#1076;&#1083;&#1091;&#1082;&#1072; &#1086; &#1091;&#1089;&#1074;&#1072;&#1112;&#1072;&#1114;&#1091; &#1079;&#1072;&#1074;&#1088;&#1096;&#1085;&#1086;&#1075; &#1088;&#1072;&#1095;&#1091;&#1085;&#1072; 2025. &#1060;&#1080;&#1085;&#1072;&#1085;&#1089;&#1080;&#1112;&#1089;&#1082;&#1080; &#1080;&#1079;&#1074;&#1077;&#1096;&#1090;&#1072;&#1112; &#1079;&#1072; 2024. &#1075;&#1086;&#1076;&#1080;&#1085;&#1091;: &#1054;&#1076;&#1083;&#1091;&#1082;&#1072; &#1086; &#1091;&#1089;&#1074;&#1072;&#1112;&#1072;&#1114;&#1091; &#1092;&#1080;&#1085;&#1072;&#1085;&#1089;&#1080;&#1112;&#1089;&#1082;&#1086;&#1075; &#1080;&#1079;&#1074;&#1077;&#1096;&#1090;&#1072;&#1112;&#1072; &#1079;&#1072; 2024. &#1075;&#1086;&#1076;&#1080;&#1085;&#1091; &#1041;&#1080;&#1083;&#1072;&#1085;&#1089; &#1089;&#1090;&#1072;&#1114;&#1072; &#1041;&#1080;&#1083;&#1072;&#1085;&#1089; &#1087;&#1088;&#1080;&#1093;&#1086;&#1076;&#1072; &#1080; &#1088;&#1072;&#1089;&#1093;&#1086;&#1076;&#1072; &#1048;&#1079;&#1074;&#1077;&#1096;&#1090;&#1072;&#1112; &#1086; &#1082;&#1072;&#1087;&#1080;&#1090;&#1072;&#1083;&#1085;&#1080;&#1084; &#1080;&#1079;&#1076;&#1072;&#1094;&#1080;&#1084;&#1072; &#1080; &#1087;&#1088;&#1080;&#1084;&#1072;&#1114;&#1080;&#1084;&#1072; &#1048;&#1079;&#1074;&#1077;&#1096;&#1090;&#1072;&#1112; &#1086; &#1085;&#1086;&#1074;&#1095;&#1072;&#1085;&#1080;&#1084; &#1090;&#1086;&#1082;&#1086;&#1074;&#1080;&#1084;&#1072; &#1048;&#1079;&#1074;&#1077;&#1096;&#1090;&#1072;&#1112; &#1086; &#1080;&#1079;&#1074;&#1088;&#1096;&#1077;&#1114;&#1091; &#1073;&#1091;&#1119;&#1077;&#1090;&#1072; [&hellip;]<!-- AddThis Advanced Settings generic via filter on wp_trim_excerpt --><!-- AddThis Share Buttons generic via filter on wp_trim_excerpt --><\/p>\n","protected":false},"author":1,"featured_media":11750,"parent":7107,"menu_order":0,"comment_status":"closed","ping_status":"closed","template":"","meta":{"ngg_post_thumbnail":0,"footnotes":"","_links_to":"","_links_to_target":""},"class_list":["post-3376","page","type-page","status-publish","has-post-thumbnail","hentry"],"yoast_head":"<!-- This site is optimized with the Yoast SEO plugin v27.5 - https:\/\/yoast.com\/product\/yoast-seo-wordpress\/ -->\n<title>\u0424\u0438\u043d\u0430\u043d\u0441\u0438\u0458\u0441\u043a\u0438 \u0438\u0437\u0432\u0435\u0448\u0442\u0430\u0458 - \u0423\u0421\u0426 &quot;\u0411\u043e\u0431\u0430\u043d\u0430 \u041c\u043e\u043c\u0447\u0438\u043b\u043e\u0432\u0438\u045b \u0412\u0435\u043b\u0438\u0447\u043a\u043e\u0432\u0438\u045b&quot;<\/title>\n<meta name=\"description\" content=\"\u0424\u0438\u043d\u0430\u043d\u0441\u0438\u0458\u0441\u043a\u0438 \u0438\u0437\u0432\u0435\u0448\u0442\u0430\u0458\" \/>\n<meta name=\"robots\" content=\"index, follow, max-snippet:-1, max-image-preview:large, max-video-preview:-1\" \/>\n<link rel=\"canonical\" href=\"https:\/\/www.sportskicentarbor.com\/?page_id=3376\" \/>\n<meta property=\"og:locale\" content=\"en_US\" \/>\n<meta property=\"og:type\" content=\"article\" \/>\n<meta property=\"og:title\" content=\"\u0424\u0438\u043d\u0430\u043d\u0441\u0438\u0458\u0441\u043a\u0438 \u0438\u0437\u0432\u0435\u0448\u0442\u0430\u0458 - \u0423\u0421\u0426 &quot;\u0411\u043e\u0431\u0430\u043d\u0430 \u041c\u043e\u043c\u0447\u0438\u043b\u043e\u0432\u0438\u045b \u0412\u0435\u043b\u0438\u0447\u043a\u043e\u0432\u0438\u045b&quot;\" \/>\n<meta property=\"og:description\" content=\"\u0424\u0438\u043d\u0430\u043d\u0441\u0438\u0458\u0441\u043a\u0438 \u0438\u0437\u0432\u0435\u0448\u0442\u0430\u0458\" \/>\n<meta property=\"og:url\" content=\"https:\/\/www.sportskicentarbor.com\/?page_id=3376\" \/>\n<meta property=\"og:site_name\" content=\"\u0423\u0421\u0426 &quot;\u0411\u043e\u0431\u0430\u043d\u0430 \u041c\u043e\u043c\u0447\u0438\u043b\u043e\u0432\u0438\u045b \u0412\u0435\u043b\u0438\u0447\u043a\u043e\u0432\u0438\u045b&quot;\" \/>\n<meta property=\"article:modified_time\" content=\"2026-03-14T15:50:44+00:00\" \/>\n<meta property=\"og:image\" content=\"https:\/\/www.sportskicentarbor.com\/wp-content\/uploads\/stranica-finansije.jpg\" \/>\n\t<meta property=\"og:image:width\" content=\"1024\" \/>\n\t<meta property=\"og:image:height\" content=\"482\" \/>\n\t<meta property=\"og:image:type\" content=\"image\/jpeg\" \/>\n<meta name=\"twitter:card\" content=\"summary_large_image\" \/>\n<meta name=\"twitter:label1\" content=\"Est. reading time\" \/>\n\t<meta name=\"twitter:data1\" content=\"2 minutes\" \/>\n<script type=\"application\/ld+json\" class=\"yoast-schema-graph\">{\"@context\":\"https:\\\/\\\/schema.org\",\"@graph\":[{\"@type\":\"WebPage\",\"@id\":\"https:\\\/\\\/www.sportskicentarbor.com\\\/?page_id=3376\",\"url\":\"https:\\\/\\\/www.sportskicentarbor.com\\\/?page_id=3376\",\"name\":\"\u0424\u0438\u043d\u0430\u043d\u0441\u0438\u0458\u0441\u043a\u0438 \u0438\u0437\u0432\u0435\u0448\u0442\u0430\u0458 - \u0423\u0421\u0426 &quot;\u0411\u043e\u0431\u0430\u043d\u0430 \u041c\u043e\u043c\u0447\u0438\u043b\u043e\u0432\u0438\u045b \u0412\u0435\u043b\u0438\u0447\u043a\u043e\u0432\u0438\u045b&quot;\",\"isPartOf\":{\"@id\":\"https:\\\/\\\/www.sportskicentarbor.com\\\/#website\"},\"primaryImageOfPage\":{\"@id\":\"https:\\\/\\\/www.sportskicentarbor.com\\\/?page_id=3376#primaryimage\"},\"image\":{\"@id\":\"https:\\\/\\\/www.sportskicentarbor.com\\\/?page_id=3376#primaryimage\"},\"thumbnailUrl\":\"https:\\\/\\\/www.sportskicentarbor.com\\\/wp-content\\\/uploads\\\/stranica-finansije.jpg\",\"datePublished\":\"2018-01-30T12:03:41+00:00\",\"dateModified\":\"2026-03-14T15:50:44+00:00\",\"description\":\"\u0424\u0438\u043d\u0430\u043d\u0441\u0438\u0458\u0441\u043a\u0438 \u0438\u0437\u0432\u0435\u0448\u0442\u0430\u0458\",\"breadcrumb\":{\"@id\":\"https:\\\/\\\/www.sportskicentarbor.com\\\/?page_id=3376#breadcrumb\"},\"inLanguage\":\"en-US\",\"potentialAction\":[{\"@type\":\"ReadAction\",\"target\":[\"https:\\\/\\\/www.sportskicentarbor.com\\\/?page_id=3376\"]}]},{\"@type\":\"ImageObject\",\"inLanguage\":\"en-US\",\"@id\":\"https:\\\/\\\/www.sportskicentarbor.com\\\/?page_id=3376#primaryimage\",\"url\":\"https:\\\/\\\/www.sportskicentarbor.com\\\/wp-content\\\/uploads\\\/stranica-finansije.jpg\",\"contentUrl\":\"https:\\\/\\\/www.sportskicentarbor.com\\\/wp-content\\\/uploads\\\/stranica-finansije.jpg\",\"width\":1024,\"height\":482,\"caption\":\"stranica-finansije\"},{\"@type\":\"BreadcrumbList\",\"@id\":\"https:\\\/\\\/www.sportskicentarbor.com\\\/?page_id=3376#breadcrumb\",\"itemListElement\":[{\"@type\":\"ListItem\",\"position\":1,\"name\":\"Home\",\"item\":\"https:\\\/\\\/www.sportskicentarbor.com\\\/\"},{\"@type\":\"ListItem\",\"position\":2,\"name\":\"\u0424\u0438\u043d\u0430\u043d\u0441\u0438\u0458\u0435\",\"item\":\"\\\/\"},{\"@type\":\"ListItem\",\"position\":3,\"name\":\"\u0424\u0438\u043d\u0430\u043d\u0441\u0438\u0458\u0441\u043a\u0438 \u0438\u0437\u0432\u0435\u0448\u0442\u0430\u0458\"}]},{\"@type\":\"WebSite\",\"@id\":\"https:\\\/\\\/www.sportskicentarbor.com\\\/#website\",\"url\":\"https:\\\/\\\/www.sportskicentarbor.com\\\/\",\"name\":\"\u0423\u0421\u0426 \\\"\u0411\u043e\u0431\u0430\u043d\u0430 \u041c. \u0412\u0435\u043b\u0438\u0447\u043a\u043e\u0432\u0438\u045b\\\" \u0411\u043e\u0440\",\"description\":\"\u0417\u0434\u0440\u0430\u0432\u0430 \u0434\u0435\u0446\u0430 - \u0437\u0434\u0440\u0430\u0432\u0430 \u043d\u0430\u0446\u0438\u0458\u0430\",\"potentialAction\":[{\"@type\":\"SearchAction\",\"target\":{\"@type\":\"EntryPoint\",\"urlTemplate\":\"https:\\\/\\\/www.sportskicentarbor.com\\\/?s={search_term_string}\"},\"query-input\":{\"@type\":\"PropertyValueSpecification\",\"valueRequired\":true,\"valueName\":\"search_term_string\"}}],\"inLanguage\":\"en-US\"}]}<\/script>\n<!-- \/ Yoast SEO plugin. -->","yoast_head_json":{"title":"\u0424\u0438\u043d\u0430\u043d\u0441\u0438\u0458\u0441\u043a\u0438 \u0438\u0437\u0432\u0435\u0448\u0442\u0430\u0458 - \u0423\u0421\u0426 &quot;\u0411\u043e\u0431\u0430\u043d\u0430 \u041c\u043e\u043c\u0447\u0438\u043b\u043e\u0432\u0438\u045b \u0412\u0435\u043b\u0438\u0447\u043a\u043e\u0432\u0438\u045b&quot;","description":"\u0424\u0438\u043d\u0430\u043d\u0441\u0438\u0458\u0441\u043a\u0438 \u0438\u0437\u0432\u0435\u0448\u0442\u0430\u0458","robots":{"index":"index","follow":"follow","max-snippet":"max-snippet:-1","max-image-preview":"max-image-preview:large","max-video-preview":"max-video-preview:-1"},"canonical":"https:\/\/www.sportskicentarbor.com\/?page_id=3376","og_locale":"en_US","og_type":"article","og_title":"\u0424\u0438\u043d\u0430\u043d\u0441\u0438\u0458\u0441\u043a\u0438 \u0438\u0437\u0432\u0435\u0448\u0442\u0430\u0458 - \u0423\u0421\u0426 &quot;\u0411\u043e\u0431\u0430\u043d\u0430 \u041c\u043e\u043c\u0447\u0438\u043b\u043e\u0432\u0438\u045b \u0412\u0435\u043b\u0438\u0447\u043a\u043e\u0432\u0438\u045b&quot;","og_description":"\u0424\u0438\u043d\u0430\u043d\u0441\u0438\u0458\u0441\u043a\u0438 \u0438\u0437\u0432\u0435\u0448\u0442\u0430\u0458","og_url":"https:\/\/www.sportskicentarbor.com\/?page_id=3376","og_site_name":"\u0423\u0421\u0426 &quot;\u0411\u043e\u0431\u0430\u043d\u0430 \u041c\u043e\u043c\u0447\u0438\u043b\u043e\u0432\u0438\u045b \u0412\u0435\u043b\u0438\u0447\u043a\u043e\u0432\u0438\u045b&quot;","article_modified_time":"2026-03-14T15:50:44+00:00","og_image":[{"width":1024,"height":482,"url":"https:\/\/www.sportskicentarbor.com\/wp-content\/uploads\/stranica-finansije.jpg","type":"image\/jpeg"}],"twitter_card":"summary_large_image","twitter_misc":{"Est. reading time":"2 minutes"},"schema":{"@context":"https:\/\/schema.org","@graph":[{"@type":"WebPage","@id":"https:\/\/www.sportskicentarbor.com\/?page_id=3376","url":"https:\/\/www.sportskicentarbor.com\/?page_id=3376","name":"\u0424\u0438\u043d\u0430\u043d\u0441\u0438\u0458\u0441\u043a\u0438 \u0438\u0437\u0432\u0435\u0448\u0442\u0430\u0458 - \u0423\u0421\u0426 &quot;\u0411\u043e\u0431\u0430\u043d\u0430 \u041c\u043e\u043c\u0447\u0438\u043b\u043e\u0432\u0438\u045b \u0412\u0435\u043b\u0438\u0447\u043a\u043e\u0432\u0438\u045b&quot;","isPartOf":{"@id":"https:\/\/www.sportskicentarbor.com\/#website"},"primaryImageOfPage":{"@id":"https:\/\/www.sportskicentarbor.com\/?page_id=3376#primaryimage"},"image":{"@id":"https:\/\/www.sportskicentarbor.com\/?page_id=3376#primaryimage"},"thumbnailUrl":"https:\/\/www.sportskicentarbor.com\/wp-content\/uploads\/stranica-finansije.jpg","datePublished":"2018-01-30T12:03:41+00:00","dateModified":"2026-03-14T15:50:44+00:00","description":"\u0424\u0438\u043d\u0430\u043d\u0441\u0438\u0458\u0441\u043a\u0438 \u0438\u0437\u0432\u0435\u0448\u0442\u0430\u0458","breadcrumb":{"@id":"https:\/\/www.sportskicentarbor.com\/?page_id=3376#breadcrumb"},"inLanguage":"en-US","potentialAction":[{"@type":"ReadAction","target":["https:\/\/www.sportskicentarbor.com\/?page_id=3376"]}]},{"@type":"ImageObject","inLanguage":"en-US","@id":"https:\/\/www.sportskicentarbor.com\/?page_id=3376#primaryimage","url":"https:\/\/www.sportskicentarbor.com\/wp-content\/uploads\/stranica-finansije.jpg","contentUrl":"https:\/\/www.sportskicentarbor.com\/wp-content\/uploads\/stranica-finansije.jpg","width":1024,"height":482,"caption":"stranica-finansije"},{"@type":"BreadcrumbList","@id":"https:\/\/www.sportskicentarbor.com\/?page_id=3376#breadcrumb","itemListElement":[{"@type":"ListItem","position":1,"name":"Home","item":"https:\/\/www.sportskicentarbor.com\/"},{"@type":"ListItem","position":2,"name":"\u0424\u0438\u043d\u0430\u043d\u0441\u0438\u0458\u0435","item":"\/"},{"@type":"ListItem","position":3,"name":"\u0424\u0438\u043d\u0430\u043d\u0441\u0438\u0458\u0441\u043a\u0438 \u0438\u0437\u0432\u0435\u0448\u0442\u0430\u0458"}]},{"@type":"WebSite","@id":"https:\/\/www.sportskicentarbor.com\/#website","url":"https:\/\/www.sportskicentarbor.com\/","name":"\u0423\u0421\u0426 \"\u0411\u043e\u0431\u0430\u043d\u0430 \u041c. \u0412\u0435\u043b\u0438\u0447\u043a\u043e\u0432\u0438\u045b\" \u0411\u043e\u0440","description":"\u0417\u0434\u0440\u0430\u0432\u0430 \u0434\u0435\u0446\u0430 - \u0437\u0434\u0440\u0430\u0432\u0430 \u043d\u0430\u0446\u0438\u0458\u0430","potentialAction":[{"@type":"SearchAction","target":{"@type":"EntryPoint","urlTemplate":"https:\/\/www.sportskicentarbor.com\/?s={search_term_string}"},"query-input":{"@type":"PropertyValueSpecification","valueRequired":true,"valueName":"search_term_string"}}],"inLanguage":"en-US"}]}},"_links":{"self":[{"href":"https:\/\/www.sportskicentarbor.com\/index.php?rest_route=\/wp\/v2\/pages\/3376","targetHints":{"allow":["GET"]}}],"collection":[{"href":"https:\/\/www.sportskicentarbor.com\/index.php?rest_route=\/wp\/v2\/pages"}],"about":[{"href":"https:\/\/www.sportskicentarbor.com\/index.php?rest_route=\/wp\/v2\/types\/page"}],"author":[{"embeddable":true,"href":"https:\/\/www.sportskicentarbor.com\/index.php?rest_route=\/wp\/v2\/users\/1"}],"replies":[{"embeddable":true,"href":"https:\/\/www.sportskicentarbor.com\/index.php?rest_route=%2Fwp%2Fv2%2Fcomments&post=3376"}],"version-history":[{"count":38,"href":"https:\/\/www.sportskicentarbor.com\/index.php?rest_route=\/wp\/v2\/pages\/3376\/revisions"}],"predecessor-version":[{"id":16172,"href":"https:\/\/www.sportskicentarbor.com\/index.php?rest_route=\/wp\/v2\/pages\/3376\/revisions\/16172"}],"up":[{"embeddable":true,"href":"https:\/\/www.sportskicentarbor.com\/index.php?rest_route=\/wp\/v2\/pages\/7107"}],"wp:featuredmedia":[{"embeddable":true,"href":"https:\/\/www.sportskicentarbor.com\/index.php?rest_route=\/wp\/v2\/media\/11750"}],"wp:attachment":[{"href":"https:\/\/www.sportskicentarbor.com\/index.php?rest_route=%2Fwp%2Fv2%2Fmedia&parent=3376"}],"curies":[{"name":"wp","href":"https:\/\/api.w.org\/{rel}","templated":true}]}}